{"id":17871,"date":"2023-09-08T15:44:41","date_gmt":"2023-09-08T13:44:41","guid":{"rendered":"https:\/\/barakacirc.com\/inscripcion-talleres-circvoramar\/"},"modified":"2023-09-27T11:32:10","modified_gmt":"2023-09-27T09:32:10","slug":"inscripcion-talleres-circvoramar","status":"publish","type":"page","link":"https:\/\/barakacirc.com\/es\/inscripcion-talleres-circvoramar\/","title":{"rendered":"Inscripci\u00f3n talleres circvoramar"},"content":{"rendered":"<div class=\"wpb-content-wrapper\"><p>[vc_row][vc_column][vc_column_text]INSCRIPCIONES CERRADAS POR HABER ALCANZADO EL N\u00daMERO M\u00c1XIMO DE NI\u00d1AS Y NI\u00d1OS<br \/>\nAun as\u00ed, os esperamos como p\u00fablico en esta actividad y en el resto de espect\u00e1culos especialmente seleccionados para toda la familia.<br \/>\nEnlace a programa completo:<br \/>\n<a href=\"https:\/\/circvoramar.com\/es\/programacion\" target=\"_blank\" rel=\"noopener\">https:\/\/circvoramar.com\/es\/programacion<\/a><br \/>\nMuchas gracias por tu inter\u00e9s en participar.[\/vc_column_text][\/vc_column][\/vc_row]<\/p>\n<\/div>","protected":false},"excerpt":{"rendered":"<p>[vc_row][vc_column][vc_column_text]INSCRIPCIONES CERRADAS POR HABER ALCANZADO EL N\u00daMERO M\u00c1XIMO DE NI\u00d1AS Y NI\u00d1OS Aun as\u00ed, os esperamos como p\u00fablico en esta actividad y en el resto de espect\u00e1culos especialmente seleccionados para toda la familia. Enlace a programa completo: https:\/\/circvoramar.com\/es\/programacion Muchas gracias por tu inter\u00e9s en participar.[\/vc_column_text][\/vc_column][\/vc_row]<\/p>\n","protected":false},"author":5,"featured_media":0,"parent":0,"menu_order":0,"comment_status":"closed","ping_status":"closed","template":"","meta":{"footnotes":""},"class_list":["post-17871","page","type-page","status-publish","hentry","description-off"],"aioseo_notices":[],"_links":{"self":[{"href":"https:\/\/barakacirc.com\/es\/wp-json\/wp\/v2\/pages\/17871","targetHints":{"allow":["GET"]}}],"collection":[{"href":"https:\/\/barakacirc.com\/es\/wp-json\/wp\/v2\/pages"}],"about":[{"href":"https:\/\/barakacirc.com\/es\/wp-json\/wp\/v2\/types\/page"}],"author":[{"embeddable":true,"href":"https:\/\/barakacirc.com\/es\/wp-json\/wp\/v2\/users\/5"}],"replies":[{"embeddable":true,"href":"https:\/\/barakacirc.com\/es\/wp-json\/wp\/v2\/comments?post=17871"}],"version-history":[{"count":6,"href":"https:\/\/barakacirc.com\/es\/wp-json\/wp\/v2\/pages\/17871\/revisions"}],"predecessor-version":[{"id":17882,"href":"https:\/\/barakacirc.com\/es\/wp-json\/wp\/v2\/pages\/17871\/revisions\/17882"}],"wp:attachment":[{"href":"https:\/\/barakacirc.com\/es\/wp-json\/wp\/v2\/media?parent=17871"}],"curies":[{"name":"wp","href":"https:\/\/api.w.org\/{rel}","templated":true}]}}