{"id":16292,"date":"2017-10-03T11:53:14","date_gmt":"2017-10-03T09:53:14","guid":{"rendered":"https:\/\/barakacirc.com\/?page_id=16292"},"modified":"2019-09-23T23:18:59","modified_gmt":"2019-09-23T21:18:59","slug":"politica-de-privacidad","status":"publish","type":"page","link":"https:\/\/barakacirc.com\/es\/politica-de-privacidad\/","title":{"rendered":"Pol\u00edtica de privacidad"},"content":{"rendered":"<p>De acuerdo con lo establecido por la Ley Org\u00e1nica 15\/1999, de 13 de diciembre, de Protecci\u00f3n de Datos\u00a0 de Car\u00e1cter Personal (LOPD), el cliente\/usuario queda informado y presta su consentimiento a la incorporaci\u00f3n de sus datos a un fichero del que es responsable ARTE PROENTENDIMIENTO CULTURAL CIRCO VALENCIANO que ha sido debidamente inscrito en la Agencia Espa\u00f1ola de Protecci\u00f3n de Datos con la finalidad de informarle sobre los productos y servicios solicitados, as\u00ed como el env\u00edo de comunicaciones comerciales sobre los mismos. Le informamos tambi\u00e9n sobre sus derechos de acceso, rectificaci\u00f3n, cancelaci\u00f3n y oposici\u00f3n, que podr\u00e1 ejercer en el domicilio social de ARTE PROENTENDIMIENTO CULTURAL CIRCO VALENCIANO, sito en C\/ SAN PEDRO 54, 46011 VALENCIA.<br \/>\nLe informamos tambi\u00e9n que los datos personales suministrados no ser\u00e1n cedidos ni comunicados, ni siquiera para su conservaci\u00f3n, a terceras personas.<\/p>\n<div><span style=\"color: #000000;\"><b>Los datos personales proporcionados se conservar\u00e1n mientras se mantenga la relaci\u00f3n comercial o no solicites su\u00a0<\/b><\/span><span style=\"color: #000000;\"><b>supresi\u00f3n y durante el plazo por el cu\u00e1l pudieran derivarse responsabilidades legales por los servicios prestados.<\/b><\/span><\/div>\n","protected":false},"excerpt":{"rendered":"<p>De acuerdo con lo establecido por la Ley Org\u00e1nica 15\/1999, de 13 de diciembre, de Protecci\u00f3n de Datos\u00a0 de Car\u00e1cter Personal (LOPD), el cliente\/usuario queda informado y presta su consentimiento a la incorporaci\u00f3n de sus datos a un fichero del que es responsable ARTE PROENTENDIMIENTO CULTURAL CIRCO VALENCIANO que ha sido debidamente inscrito en la&hellip;<\/p>\n","protected":false},"author":3,"featured_media":0,"parent":0,"menu_order":0,"comment_status":"closed","ping_status":"closed","template":"","meta":{"footnotes":""},"class_list":["post-16292","page","type-page","status-publish","hentry","description-off"],"aioseo_notices":[],"_links":{"self":[{"href":"https:\/\/barakacirc.com\/es\/wp-json\/wp\/v2\/pages\/16292","targetHints":{"allow":["GET"]}}],"collection":[{"href":"https:\/\/barakacirc.com\/es\/wp-json\/wp\/v2\/pages"}],"about":[{"href":"https:\/\/barakacirc.com\/es\/wp-json\/wp\/v2\/types\/page"}],"author":[{"embeddable":true,"href":"https:\/\/barakacirc.com\/es\/wp-json\/wp\/v2\/users\/3"}],"replies":[{"embeddable":true,"href":"https:\/\/barakacirc.com\/es\/wp-json\/wp\/v2\/comments?post=16292"}],"version-history":[{"count":3,"href":"https:\/\/barakacirc.com\/es\/wp-json\/wp\/v2\/pages\/16292\/revisions"}],"predecessor-version":[{"id":16636,"href":"https:\/\/barakacirc.com\/es\/wp-json\/wp\/v2\/pages\/16292\/revisions\/16636"}],"wp:attachment":[{"href":"https:\/\/barakacirc.com\/es\/wp-json\/wp\/v2\/media?parent=16292"}],"curies":[{"name":"wp","href":"https:\/\/api.w.org\/{rel}","templated":true}]}}